{"id":15952,"date":"2022-03-08T15:00:42","date_gmt":"2022-03-08T14:00:42","guid":{"rendered":"https:\/\/www.annedejoyeuse.fr\/?page_id=15952"},"modified":"2023-08-16T14:28:11","modified_gmt":"2023-08-16T12:28:11","slug":"legal-notice","status":"publish","type":"page","link":"https:\/\/www.annedejoyeuse.fr\/en\/legal-notice\/","title":{"rendered":"Legal notice"},"content":{"rendered":"\t\t<div data-elementor-type=\"wp-page\" data-elementor-id=\"15952\" class=\"elementor elementor-15952\" data-elementor-settings=\"{&quot;ha_cmc_init_switcher&quot;:&quot;no&quot;}\">\n\t\t\t\t\t\t<section class=\"elementor-section elementor-top-section elementor-element elementor-element-bf92282 elementor-section-boxed elementor-section-height-default elementor-section-height-default\" data-id=\"bf92282\" data-element_type=\"section\" data-e-type=\"section\" data-settings=\"{&quot;jet_parallax_layout_list&quot;:[],&quot;_ha_eqh_enable&quot;:false}\">\n\t\t\t\t\t\t<div class=\"elementor-container elementor-column-gap-default\">\n\t\t\t\t\t<div class=\"elementor-column elementor-col-100 elementor-top-column elementor-element elementor-element-2440ca2\" data-id=\"2440ca2\" data-element_type=\"column\" data-e-type=\"column\">\n\t\t\t<div class=\"elementor-widget-wrap elementor-element-populated\">\n\t\t\t\t\t\t<div class=\"elementor-element elementor-element-50ed579 elementor-widget elementor-widget-text-editor\" data-id=\"50ed579\" data-element_type=\"widget\" data-e-type=\"widget\" data-widget_type=\"text-editor.default\">\n\t\t\t\t<div class=\"elementor-widget-container\">\n\t\t\t\t\t\t\t\t\t<p>Mention l\u00e9gale \u00e9dit\u00e9e par Oustal Anne de Joyeuse<\/p><p>Adresse 34 Promenade du Tivoli \u2013 BP 39 \u2013 11303 LIMOUX Cedex \u2013 France<br \/>N\u00b0 siret : 77580307500016<\/p><p>Coordonn\u00e9es :<br \/>T\u00e9l : 04 68 74 79 40<\/p><p>R\u00e9alisation<br \/>Resonance Communication<br \/>23 Rue de Verdun 11000 Carcassonne<br \/>tel : 0468760031<\/p><p>H\u00e9bergement<br \/>H\u00e9bergeur : OVH SAS \u2013 RCS Tourcoing 424 761 419 00011<br \/>Adresse h\u00e9bergeur : 140 quai du Sartel , 59100 Roubaix, France<\/p><p>Cr\u00e9dits photos, graphisme &amp; illustrations<\/p><p>LCVision<br \/>72 Rue Aim\u00e9 Ramond 11000 Carcassonne<br \/>06 63 12 02 83<\/p><p>Bruits de Couloir<br \/>Plateau 42, 42 All\u00e9e d\u2019I\u00e9na, 11000 Carcassonne<br \/>06 86 57 36 15<\/p>\t\t\t\t\t\t\t\t<\/div>\n\t\t\t\t<\/div>\n\t\t\t\t\t<\/div>\n\t\t<\/div>\n\t\t\t\t\t<\/div>\n\t\t<\/section>\n\t\t\t\t<\/div>\n\t\t","protected":false},"excerpt":{"rendered":"<p>Mention l\u00e9gale \u00e9dit\u00e9e par Oustal Anne de Joyeuse Adresse 34 Promenade du Tivoli \u2013 BP 39 \u2013 11303 LIMOUX Cedex \u2013 FranceN\u00b0 siret : 77580307500016 Coordonn\u00e9es :T\u00e9l : 04 68 74 79 40 R\u00e9alisationResonance Communication23 Rue de Verdun 11000 Carcassonnetel : 0468760031 H\u00e9bergementH\u00e9bergeur : OVH SAS \u2013 RCS Tourcoing 424 761 419 00011Adresse h\u00e9bergeur : [&hellip;]<\/p>\n","protected":false},"author":1,"featured_media":0,"parent":0,"menu_order":0,"comment_status":"closed","ping_status":"closed","template":"","meta":{"_acf_changed":false,"footnotes":""},"class_list":["post-15952","page","type-page","status-publish","hentry"],"acf":[],"_links":{"self":[{"href":"https:\/\/www.annedejoyeuse.fr\/en\/wp-json\/wp\/v2\/pages\/15952","targetHints":{"allow":["GET"]}}],"collection":[{"href":"https:\/\/www.annedejoyeuse.fr\/en\/wp-json\/wp\/v2\/pages"}],"about":[{"href":"https:\/\/www.annedejoyeuse.fr\/en\/wp-json\/wp\/v2\/types\/page"}],"author":[{"embeddable":true,"href":"https:\/\/www.annedejoyeuse.fr\/en\/wp-json\/wp\/v2\/users\/1"}],"replies":[{"embeddable":true,"href":"https:\/\/www.annedejoyeuse.fr\/en\/wp-json\/wp\/v2\/comments?post=15952"}],"version-history":[{"count":0,"href":"https:\/\/www.annedejoyeuse.fr\/en\/wp-json\/wp\/v2\/pages\/15952\/revisions"}],"wp:attachment":[{"href":"https:\/\/www.annedejoyeuse.fr\/en\/wp-json\/wp\/v2\/media?parent=15952"}],"curies":[{"name":"wp","href":"https:\/\/api.w.org\/{rel}","templated":true}]}}